{"id":86964,"date":"2024-09-17T21:01:56","date_gmt":"2024-09-17T21:01:56","guid":{"rendered":"https:\/\/new.frogbyte.it\/?page_id=86964"},"modified":"2026-04-21T20:56:07","modified_gmt":"2026-04-21T18:56:07","slug":"regolamento","status":"publish","type":"page","link":"https:\/\/frogbyte.it\/en\/regolamento\/","title":{"rendered":"Regolamento"},"content":{"rendered":"<div data-elementor-type=\"wp-page\" data-elementor-id=\"86964\" class=\"elementor elementor-86964\" data-elementor-post-type=\"page\">\n\t\t\t\t<div class=\"elementor-element elementor-element-47c007e e-flex e-con-boxed e-con e-parent\" data-id=\"47c007e\" data-element_type=\"container\" data-e-type=\"container\">\n\t\t\t\t\t<div class=\"e-con-inner\">\n\t\t\t\t<div class=\"elementor-element elementor-element-7a0b985 elementor-widget elementor-widget-heading\" data-id=\"7a0b985\" data-element_type=\"widget\" data-e-type=\"widget\" data-widget_type=\"heading.default\">\n\t\t\t\t<div class=\"elementor-widget-container\">\n\t\t\t\t\t<h1 class=\"elementor-heading-title elementor-size-default\">Regolamento e norme di comportamento<\/h1>\t\t\t\t<\/div>\n\t\t\t\t<\/div>\n\t\t\t\t<div class=\"elementor-element elementor-element-533313b elementor-widget elementor-widget-text-editor\" data-id=\"533313b\" data-element_type=\"widget\" data-e-type=\"widget\" data-widget_type=\"text-editor.default\">\n\t\t\t\t<div class=\"elementor-widget-container\">\n\t\t\t\t\t\t\t\t\t<p>Con l&#8217;iscrizione all\u2019evento Frogbyte LAN Party, il partecipante dichiara di aver letto e compreso il seguente regolamento e si impegna a rispettarlo prima e durante l\u2019evento. In caso di gravi infrazioni delle seguenti regole, la validit\u00e0 dell\u2019iscrizione verr\u00e0 meno e lo staff si riserva il diritto di allontanare l\u2019iscritto e le sue propriet\u00e0 dall&#8217;area dell&#8217;evento. Verr\u00e0 inoltre valutata la possibile esclusione dalle future edizioni.<\/p>\t\t\t\t\t\t\t\t<\/div>\n\t\t\t\t<\/div>\n\t\t\t\t<div class=\"elementor-element elementor-element-7c53172 content-align-left the7-hover-visibility-disabled transform-overlay-yes exceeding-frame-yes elementor-widget elementor-widget-the7-image-widget\" data-id=\"7c53172\" data-element_type=\"widget\" data-e-type=\"widget\" data-settings=\"{&quot;hover_visibility&quot;:&quot;disabled&quot;}\" data-widget_type=\"the7-image-widget.default\">\n\t\t\t\t<div class=\"elementor-widget-container\">\n\t\t\t\t\t<div class=\"the7-image-container\"><div class=\"the7-image-wrapper the7-elementor-widget the7-transform-container\"><div class=\"post-thumbnail-rollover layzr-bg img-css-resize-wrapper\"><img fetchpriority=\"high\" decoding=\"async\" width=\"1714\" height=\"335\" src=\"data:image\/svg+xml,%3Csvg%20xmlns%3D&#039;http%3A%2F%2Fwww.w3.org%2F2000%2Fsvg&#039;%20viewBox%3D&#039;0%200%201714%20335&#039;%2F%3E\" class=\"attachment-full size-full preload-me aspect lazy lazy-load\" alt=\"\" sizes=\"(max-width: 1714px) 100vw, 1714px\" style=\"--ratio: 1714 \/ 335;\" data-src=\"https:\/\/frogbyte.it\/wp-content\/uploads\/2024\/09\/PanoramicBanner2018.jpg\" loading=\"eager\" data-srcset=\"https:\/\/frogbyte.it\/wp-content\/uploads\/2024\/09\/PanoramicBanner2018.jpg 1714w, https:\/\/frogbyte.it\/wp-content\/uploads\/2024\/09\/PanoramicBanner2018-300x59.jpg 300w, https:\/\/frogbyte.it\/wp-content\/uploads\/2024\/09\/PanoramicBanner2018-1024x200.jpg 1024w, https:\/\/frogbyte.it\/wp-content\/uploads\/2024\/09\/PanoramicBanner2018-768x150.jpg 768w, https:\/\/frogbyte.it\/wp-content\/uploads\/2024\/09\/PanoramicBanner2018-1536x300.jpg 1536w, https:\/\/frogbyte.it\/wp-content\/uploads\/2024\/09\/PanoramicBanner2018-18x4.jpg 18w\" \/><\/div><\/div><\/div>\t\t\t\t<\/div>\n\t\t\t\t<\/div>\n\t\t\t\t<div class=\"elementor-element elementor-element-b63a1f3 elementor-widget elementor-widget-heading\" data-id=\"b63a1f3\" data-element_type=\"widget\" data-e-type=\"widget\" data-widget_type=\"heading.default\">\n\t\t\t\t<div class=\"elementor-widget-container\">\n\t\t\t\t\t<h3 class=\"elementor-heading-title elementor-size-default\">Regole generali<\/h3>\t\t\t\t<\/div>\n\t\t\t\t<\/div>\n\t\t\t\t<div class=\"elementor-element elementor-element-e6210c5 elementor-widget elementor-widget-text-editor\" data-id=\"e6210c5\" data-element_type=\"widget\" data-e-type=\"widget\" data-widget_type=\"text-editor.default\">\n\t\t\t\t<div class=\"elementor-widget-container\">\n\t\t\t\t\t\t\t\t\t<p><strong>1. \u00a0Per partecipare a Frogbyte LAN Party \u00e8 necessario essere maggiorenni.<\/strong><\/p><p><strong>2.<\/strong><strong>\u00a0\u00a0<\/strong>Non \u00e8 possibile effettuare il rimborso della quota di iscrizione versata, compresi eventuali casi di malattia o impegni imprevisti.<\/p><p><strong>3. \u00a0<\/strong>Frogbyte ASD e i membri del suo staff non potranno essere ritenuti responsabili in caso di furto e\/o danni a cose e\/o persone presenti nell\u2019area dell\u2019evento.<\/p>\t\t\t\t\t\t\t\t<\/div>\n\t\t\t\t<\/div>\n\t\t\t\t<div class=\"elementor-element elementor-element-dfdf92d elementor-widget elementor-widget-heading\" data-id=\"dfdf92d\" data-element_type=\"widget\" data-e-type=\"widget\" data-widget_type=\"heading.default\">\n\t\t\t\t<div class=\"elementor-widget-container\">\n\t\t\t\t\t<h3 class=\"elementor-heading-title elementor-size-default\">Comportamento dei partecipanti<\/h3>\t\t\t\t<\/div>\n\t\t\t\t<\/div>\n\t\t\t\t<div class=\"elementor-element elementor-element-0b95266 elementor-widget elementor-widget-text-editor\" data-id=\"0b95266\" data-element_type=\"widget\" data-e-type=\"widget\" data-widget_type=\"text-editor.default\">\n\t\t\t\t<div class=\"elementor-widget-container\">\n\t\t\t\t\t\t\t\t\t<p><strong>4.\u00a0<\/strong>\u00a0<strong>Non sono\u00a0tollerati atti di bullismo o di molestia.<\/strong>\u00a0Invitiamo qualsiasi partecipante che ne sia vittima o testimone a comunicarlo immediatamente allo staff.<\/p><p><strong>5. \u00a0\u00c8 vietato fumare o utilizzare vaporizzatori all\u2019interno della location dell&#8217;evento.<\/strong>\u00a0Un\u2019area dedicata ai fumatori verr\u00e0 adibita all\u2019esterno e debitamente segnalata.<\/p><p><strong>6. \u00a0Eventuali rumori forti, grida e schiamazzi dovranno essere evitati o limitati<\/strong><strong> tra le ore 03:00 e le 08:00,<\/strong>\u00a0in modo da permettere agli altri partecipanti e ai membri dello staff di riposarsi.<\/p><p><strong>7.\u00a0 <\/strong>Per evitare di disturbare gli altri partecipanti, <strong>\u00e8 vietato utilizzare impianti audio o casse Bluetooth<\/strong>; si consiglia invece di utilizzare delle cuffie.<\/p><p><strong>8.<\/strong>\u00a0 \u00c8 vietato l\u2019utilizzo di periferiche e altri dispositivi che possono causare sobbalzi e vibrazioni del tavolo disturbando i partecipanti nelle vicinanze (come ad esempio i volanti di guida). Nel caso in cui vogliate portare un volante, \u00e8 obbligatorio segnalarlo durante l&#8217;iscrizione all\u2019evento, in modo che lo staff possa trovarvi una sistemazione adeguata.<\/p><p><strong>9.<\/strong>\u00a0 \u00c8 vietato occupare pi\u00f9 spazio sui tavoli invadendo le postazioni di altri giocatori. \u00c8 permesso allargarsi temporaneamente sui posti adiacenti nel caso in cui non siano occupati per la giornata in corso, ma all\u2019eventuale arrivo del giocatore a cui spetta di diritto il posto sar\u00e0 obbligatorio liberare <strong>immediatamente<\/strong>\u00a0lo spazio occupato.<\/p><p><strong>10. \u00a0Invitiamo tutti i partecipanti a mangiare e dormire in modo regolare<\/strong>. In caso di malessere proprio o di un altro partecipante, comunicatelo immediatamente allo staff: sar\u00e0 fatto il possibile per valutare la situazione e prendere i necessari provvedimenti. Nel caso di intossicazione da alcol non abbiate timore di contattarci per paura di possibili ripercussioni; il vostro stato di salute per noi \u00e8 pi\u00f9 importante.<\/p><p><strong>11.<\/strong>\u00a0\u00a0<strong>Ogni iscritto \u00e8 responsabile dell\u2019ordine e della pulizia della propria postazione e dell\u2019area circostante.<\/strong> Vi invitiamo quindi a mantenere un ambiente salubre, gettando i rifiuti negli appositi cestini della raccolta differenziata. Oltre a rappresentare un pericolo per la salute e la sicurezza, trattandosi spesso di materiali potenzialmente infiammabili, i rifiuti creano un\u2019atmosfera di degrado che i visitatori e gli altri partecipanti possono percepire, dando un\u2019immagine che va in aperto contrasto con i principi alla base dell\u2019evento.<\/p>\t\t\t\t\t\t\t\t<\/div>\n\t\t\t\t<\/div>\n\t\t\t\t<div class=\"elementor-element elementor-element-27d8ec9 elementor-widget elementor-widget-heading\" data-id=\"27d8ec9\" data-element_type=\"widget\" data-e-type=\"widget\" data-widget_type=\"heading.default\">\n\t\t\t\t<div class=\"elementor-widget-container\">\n\t\t\t\t\t<h3 class=\"elementor-heading-title elementor-size-default\">Impianto elettrico e rete LAN<\/h3>\t\t\t\t<\/div>\n\t\t\t\t<\/div>\n\t\t\t\t<div class=\"elementor-element elementor-element-7911682 elementor-widget elementor-widget-text-editor\" data-id=\"7911682\" data-element_type=\"widget\" data-e-type=\"widget\" data-widget_type=\"text-editor.default\">\n\t\t\t\t<div class=\"elementor-widget-container\">\n\t\t\t\t\t\t\t\t\t<p><strong>12. \u00a0<\/strong>\u00c8\u00a0vietato manomettere o modificare in qualsiasi modo l\u2019impianto elettrico o la rete LAN dell\u2019evento.<\/p><p><strong>13. \u00a0\u00c8 vietato collegare elettrodomestici alle prese di corrente dedicate alle postazioni PC,<\/strong> poich\u00e9 questo potrebbe causare un&#8217;interruzione della corrente e il conseguente spegnimento improvviso di tutti i computer connessi allo stesso impianto.<\/p><p><strong>14. \u00a0\u00c8 possibile introdurre nella location dell\u2019evento elettrodomestici il cui utilizzo \u00e8 permesso solo all\u2019interno dell\u2019area adibita a cucina, ed esclusivamente per riscaldare pietanze, non per cucinare.<\/strong> Questi ultimi devono rispettare le seguenti regole:<br \/>\u2022 non devono emettere forti rumori per tempo prolungato;<br \/>\u2022 non devono avere parti in movimento che possano costituire un pericolo (es. frullatore);<br \/>\u2022 devono avere dimensioni inferiori ai 40x40x40 cm;<br \/>\u2022 non devono emettere o fare uso di fiamme libere o gas;<br \/>\u2022 non devono eccedere i 1000 watt di consumo energetico.<\/p><p><strong>15. \u00a0\u00c8 severamente vietato collegare alla rete LAN qualsiasi dispositivo che non sia un computer<\/strong>, come per esempio router ADSL o access point.<\/p><p><strong>16. \u00a0<\/strong>\u00c8 possibile che la connessione alla rete internet subisca delle interruzioni nel funzionamento, o che la qualit\u00e0 peggiori nelle fasce orarie di maggiore utilizzo. Nel caso in cui questo dipenda dalla nostra rete LAN e non dal provider del servizio internet, lo staff provveder\u00e0 a risolvere il problema nel minor tempo possibile. Non saranno erogati rimborsi nel caso di prolungate interruzioni della connessione a internet.<\/p><p><strong>17. \u00a0<\/strong>Nel caso in cui il computer di un partecipante causi problemi alla rete LAN, come per esempio nel caso di virus, questo verr\u00e0 scollegato fino alla risoluzione del problema.<\/p>\t\t\t\t\t\t\t\t<\/div>\n\t\t\t\t<\/div>\n\t\t\t\t<div class=\"elementor-element elementor-element-edd7ca6 elementor-widget elementor-widget-heading\" data-id=\"edd7ca6\" data-element_type=\"widget\" data-e-type=\"widget\" data-widget_type=\"heading.default\">\n\t\t\t\t<div class=\"elementor-widget-container\">\n\t\t\t\t\t<h3 class=\"elementor-heading-title elementor-size-default\">Divieti e norme relative alla sicurezza<\/h3>\t\t\t\t<\/div>\n\t\t\t\t<\/div>\n\t\t\t\t<div class=\"elementor-element elementor-element-d9dc467 elementor-widget elementor-widget-text-editor\" data-id=\"d9dc467\" data-element_type=\"widget\" data-e-type=\"widget\" data-widget_type=\"text-editor.default\">\n\t\t\t\t<div class=\"elementor-widget-container\">\n\t\t\t\t\t\t\t\t\t<p><strong>18.<\/strong> \u00a0<strong>\u00c8 vietato introdurre o consumare superalcolici all\u2019interno della location dell\u2019evento, per tutta la sua durata<\/strong>. \u00c8 ammesso il consumo responsabile di birra e altre bevande con gradazione alcolica non superiore al 10%. Eventuali partecipanti in stato di palese intossicazione da alcol verranno fatti allontanare dalla location dell&#8217;evento.<br \/>Frogbyte LAN Party \u00e8 un evento organizzato per giocare e passare dei bei momenti in compagnia; consumare alcolici in modo sconsiderato non \u00e8 necessario per divertirsi, anzi, \u00e8 un comportamento dannoso verso s\u00e9 stessi e potenzialmente verso gli altri.<\/p><p><strong>19.<\/strong> \u00a0\u00c8 vietato introdurre nella location oggetti ingombranti, quali tavoli aggiuntivi, poltrone, divani ecc. Questo divieto non si applica alle sedie da ufficio (per esempio DX Racer e simili), ai materassini gonfiabili e alle brandine nelle zone dormitorio. <strong>\u00c8 vietato fare uso di tende all&#8217;interno delle aree adibite a dormitori.<\/strong><\/p><p><strong>20. \u00a0<\/strong>Lo staff si riserva il diritto di vietare la presenza nell&#8217;area dell&#8217;evento di oggetti pericolosi, impropri o che possono causare danni a cose e\/o persone. Vista la presenza di una grande quantit\u00e0 di materiale elettronico, \u00e8 inoltre vietato fare uso di fiamme libere all\u2019interno della struttura.<\/p>\t\t\t\t\t\t\t\t<\/div>\n\t\t\t\t<\/div>\n\t\t\t\t<div class=\"elementor-element elementor-element-d6e13cc elementor-widget elementor-widget-text-editor\" data-id=\"d6e13cc\" data-element_type=\"widget\" data-e-type=\"widget\" data-widget_type=\"text-editor.default\">\n\t\t\t\t<div class=\"elementor-widget-container\">\n\t\t\t\t\t\t\t\t\t<p>Sei in cerca di maggiori informazioni sull&#8217;evento Frogbyte LAN Party? Visita la pagina delle FAQ.<\/p>\t\t\t\t\t\t\t\t<\/div>\n\t\t\t\t<\/div>\n\t\t\t\t<div class=\"elementor-element elementor-element-f65adb6 elementor-align-center elementor-widget elementor-widget-button\" data-id=\"f65adb6\" data-element_type=\"widget\" data-e-type=\"widget\" data-widget_type=\"button.default\">\n\t\t\t\t<div class=\"elementor-widget-container\">\n\t\t\t\t\t\t\t\t\t<div class=\"elementor-button-wrapper\">\n\t\t\t\t\t<a class=\"elementor-button elementor-button-link elementor-size-sm\" href=\"https:\/\/frogbyte.it\/en\/faq\/\">\n\t\t\t\t\t\t<span class=\"elementor-button-content-wrapper\">\n\t\t\t\t\t\t<span class=\"elementor-button-icon\">\n\t\t\t\t<i aria-hidden=\"true\" class=\"far fa-question-circle\"><\/i>\t\t\t<\/span>\n\t\t\t\t\t\t\t\t\t<span class=\"elementor-button-text\">FAQ<\/span>\n\t\t\t\t\t<\/span>\n\t\t\t\t\t<\/a>\n\t\t\t\t<\/div>\n\t\t\t\t\t\t\t\t<\/div>\n\t\t\t\t<\/div>\n\t\t\t\t<div class=\"elementor-element elementor-element-64261fe elementor-widget elementor-widget-text-editor\" data-id=\"64261fe\" data-element_type=\"widget\" data-e-type=\"widget\" data-widget_type=\"text-editor.default\">\n\t\t\t\t<div class=\"elementor-widget-container\">\n\t\t\t\t\t\t\t\t\t<p>Per qualsiasi domanda o dubbio contattaci\u00a0attraverso la\u00a0<a href=\"http:\/\/www.facebook.com\/frogbyte.lan\">nostra pagina Facebook<\/a>\u00a0o via\u00a0<a href=\"mailto:info@frogbyte.it\">email<\/a>.<\/p>\t\t\t\t\t\t\t\t<\/div>\n\t\t\t\t<\/div>\n\t\t\t\t\t<\/div>\n\t\t\t\t<\/div>\n\t\t\t\t<\/div>","protected":false},"excerpt":{"rendered":"<p>Regolamento e norme di comportamento Con l&#8217;iscrizione all\u2019evento Frogbyte LAN Party, il partecipante dichiara di aver letto e compreso il seguente regolamento e si impegna a rispettarlo prima e durante l\u2019evento. In caso di gravi infrazioni delle seguenti regole, la validit\u00e0 dell\u2019iscrizione verr\u00e0 meno e lo staff si riserva il diritto di allontanare l\u2019iscritto e&hellip;<\/p>","protected":false},"author":1,"featured_media":0,"parent":0,"menu_order":0,"comment_status":"closed","ping_status":"closed","template":"","meta":{"_acf_changed":false,"footnotes":""},"class_list":["post-86964","page","type-page","status-publish","hentry"],"acf":[],"_links":{"self":[{"href":"https:\/\/frogbyte.it\/en\/wp-json\/wp\/v2\/pages\/86964","targetHints":{"allow":["GET"]}}],"collection":[{"href":"https:\/\/frogbyte.it\/en\/wp-json\/wp\/v2\/pages"}],"about":[{"href":"https:\/\/frogbyte.it\/en\/wp-json\/wp\/v2\/types\/page"}],"author":[{"embeddable":true,"href":"https:\/\/frogbyte.it\/en\/wp-json\/wp\/v2\/users\/1"}],"replies":[{"embeddable":true,"href":"https:\/\/frogbyte.it\/en\/wp-json\/wp\/v2\/comments?post=86964"}],"version-history":[{"count":70,"href":"https:\/\/frogbyte.it\/en\/wp-json\/wp\/v2\/pages\/86964\/revisions"}],"predecessor-version":[{"id":89191,"href":"https:\/\/frogbyte.it\/en\/wp-json\/wp\/v2\/pages\/86964\/revisions\/89191"}],"wp:attachment":[{"href":"https:\/\/frogbyte.it\/en\/wp-json\/wp\/v2\/media?parent=86964"}],"curies":[{"name":"wp","href":"https:\/\/api.w.org\/{rel}","templated":true}]}}